{"id":3115,"date":"2022-12-11T13:49:31","date_gmt":"2022-12-11T17:49:31","guid":{"rendered":"https:\/\/www.fundacionorion.org\/membership-account\/membership-levels\/"},"modified":"2023-07-11T19:13:55","modified_gmt":"2023-07-11T23:13:55","slug":"membership-levels","status":"publish","type":"page","link":"https:\/\/www.fundacionorion.org\/en\/membership-account\/membership-levels\/","title":{"rendered":"Membres\u00edas"},"content":{"rendered":"<div data-elementor-type=\"wp-page\" data-elementor-id=\"3115\" class=\"elementor elementor-3115\" data-elementor-post-type=\"page\">\n\t\t\t\t\t\t<section class=\"elementor-section elementor-top-section elementor-element elementor-element-9187aad elementor-section-boxed elementor-section-height-default elementor-section-height-default\" data-id=\"9187aad\" data-element_type=\"section\" data-e-type=\"section\">\n\t\t\t\t\t\t<div class=\"elementor-container elementor-column-gap-default\">\n\t\t\t\t\t<div class=\"elementor-column elementor-col-100 elementor-top-column elementor-element elementor-element-26daa31\" data-id=\"26daa31\" data-element_type=\"column\" data-e-type=\"column\">\n\t\t\t<div class=\"elementor-widget-wrap elementor-element-populated\">\n\t\t\t\t\t\t<div class=\"elementor-element elementor-element-16a7ae9 elementor-widget elementor-widget-heading\" data-id=\"16a7ae9\" data-element_type=\"widget\" data-e-type=\"widget\" data-widget_type=\"heading.default\">\n\t\t\t\t<div class=\"elementor-widget-container\">\n\t\t\t\t\t<h2 class=\"elementor-heading-title elementor-size-default\">Membres\u00edas<\/h2>\t\t\t\t<\/div>\n\t\t\t\t<\/div>\n\t\t\t\t<div class=\"elementor-element elementor-element-8ea57a2 elementor-widget elementor-widget-text-editor\" data-id=\"8ea57a2\" data-element_type=\"widget\" data-e-type=\"widget\" data-widget_type=\"text-editor.default\">\n\t\t\t\t<div class=\"elementor-widget-container\">\n\t\t\t\t\t\t\t\t\t<p>Gracias por adquirir nuestro recetario \u00abCocinemos Juntos\u00bb.<\/p><p>\u00abCocinemos Juntos\u00bb viene con una membres\u00eda gratis donde podr\u00e1s ver los videos de cada receta y ser parte de una comunidad de personas con los mismos deseos que t\u00fa.<\/p><p>Esperamos que sea de gran bendici\u00f3n para ti.<\/p>\t\t\t\t\t\t\t\t<\/div>\n\t\t\t\t<\/div>\n\t\t\t\t<div class=\"elementor-element elementor-element-765fa97 elementor-widget elementor-widget-spacer\" data-id=\"765fa97\" data-element_type=\"widget\" data-e-type=\"widget\" data-widget_type=\"spacer.default\">\n\t\t\t\t<div class=\"elementor-widget-container\">\n\t\t\t\t\t\t\t<div class=\"elementor-spacer\">\n\t\t\t<div class=\"elementor-spacer-inner\"><\/div>\n\t\t<\/div>\n\t\t\t\t\t\t<\/div>\n\t\t\t\t<\/div>\n\t\t\t\t<div class=\"elementor-element elementor-element-b0ece74 elementor-widget elementor-widget-price-table\" data-id=\"b0ece74\" data-element_type=\"widget\" data-e-type=\"widget\" data-widget_type=\"price-table.default\">\n\t\t\t\t<div class=\"elementor-widget-container\">\n\t\t\t\t\t\n\t\t<div class=\"elementor-price-table\">\n\t\t\t\t\t\t\t<div class=\"elementor-price-table__header\">\n\t\t\t\t\t\t\t\t\t\t\t<h3 class=\"elementor-price-table__heading\">\n\t\t\t\t\t\tMembres\u00eda del Recetario\t\t\t\t\t\t<\/h3>\n\t\t\t\t\t\n\t\t\t\t\t\t\t\t\t\t\t<span class=\"elementor-price-table__subheading\">\n\t\t\t\t\t\t\tPara todos lo que compraron el recetario \"Cocinemos Juntos\"\t\t\t\t\t\t<\/span>\n\t\t\t\t\t\t\t\t\t<\/div>\n\t\t\t\n\t\t\t<div class=\"elementor-price-table__price\">\n\t\t\t\t\t\t\t\t\t<div class=\"elementor-price-table__original-price elementor-typo-excluded\">\n\t\t\t\t\t\t<span class=\"elementor-price-table__currency\">Bs<\/span>200\t\t\t\t\t<\/div>\n\t\t\t\t\t\t\t\t<span class=\"elementor-price-table__currency\">Bs<\/span>\t\t\t\t\t\t\t\t\t<span class=\"elementor-price-table__integer-part\">\n\t\t\t\t\t\t0\t\t\t\t\t<\/span>\n\t\t\t\t\n\t\t\t\t\t\t\t\t\t<div class=\"elementor-price-table__after-price\">\n\t\t\t\t\t\t<span class=\"elementor-price-table__fractional-part\">\n\t\t\t\t\t\t\t00\t\t\t\t\t\t<\/span>\n\n\t\t\t\t\t\t\t\t\t\t\t<\/div>\n\t\t\t\t\n\t\t\t\t\n\t\t\t\t\t\t\t\t\t<span class=\"elementor-price-table__period elementor-typo-excluded\">Anual<\/span>\t\t\t\t\t\t\t<\/div>\n\n\t\t\t\t\t\t\t<ul class=\"elementor-price-table__features-list\">\n\t\t\t\t\t\t\t\t\t\t\t<li class=\"elementor-repeater-item-43a2f7a\">\n\t\t\t\t\t\t\t<div class=\"elementor-price-table__feature-inner\">\n\t\t\t\t\t\t\t\t<i aria-hidden=\"true\" class=\"far fa-check-circle\"><\/i>\t\t\t\t\t\t\t\t\t\t\t\t\t\t\t\t\t<span >\n\t\t\t\t\t\t\t\t\t\tVideos para acompa\u00f1arte al cocinar\t\t\t\t\t\t\t\t\t<\/span>\n\t\t\t\t\t\t\t\t\t\t\t\t\t\t\t\t<\/div>\n\t\t\t\t\t\t<\/li>\n\t\t\t\t\t\t\t\t\t\t\t<li class=\"elementor-repeater-item-723ddf0\">\n\t\t\t\t\t\t\t<div class=\"elementor-price-table__feature-inner\">\n\t\t\t\t\t\t\t\t<i aria-hidden=\"true\" class=\"far fa-check-circle\"><\/i>\t\t\t\t\t\t\t\t\t\t\t\t\t\t\t\t\t<span >\n\t\t\t\t\t\t\t\t\t\tSe parte de la comunidad\t\t\t\t\t\t\t\t\t<\/span>\n\t\t\t\t\t\t\t\t\t\t\t\t\t\t\t\t<\/div>\n\t\t\t\t\t\t<\/li>\n\t\t\t\t\t\t\t\t\t<\/ul>\n\t\t\t\n\t\t\t\t\t\t\t<div class=\"elementor-price-table__footer\">\n\t\t\t\t\t\t\t\t\t\t\t<a class=\"elementor-price-table__button elementor-button elementor-size-md\" href=\"https:\/\/www.fundacionorion.org\/en\/membership-account\/membership-checkout\/?level=1\">\n\t\t\t\t\t\t\tHaz clic aqu\u00ed\t\t\t\t\t\t<\/a>\n\t\t\t\t\t\n\t\t\t\t\t\t\t\t\t\t\t<div class=\"elementor-price-table__additional_info\">\n\t\t\t\t\t\t\tSi ya tienes tu libro, haz tu cuenta ahora\t\t\t\t\t\t<\/div>\n\t\t\t\t\t\t\t\t\t<\/div>\n\t\t\t\t\t<\/div>\n\n\t\t\t\t\t<div class=\"elementor-ribbon\">\n\t\t\t\t<div class=\"elementor-ribbon-inner\">\n\t\t\t\t\tGratis\t\t\t\t<\/div>\n\t\t\t<\/div>\n\t\t\t\t\t\t\t<\/div>\n\t\t\t\t<\/div>\n\t\t\t\t<div class=\"elementor-element elementor-element-ec145ae elementor-widget elementor-widget-spacer\" data-id=\"ec145ae\" data-element_type=\"widget\" data-e-type=\"widget\" data-widget_type=\"spacer.default\">\n\t\t\t\t<div class=\"elementor-widget-container\">\n\t\t\t\t\t\t\t<div class=\"elementor-spacer\">\n\t\t\t<div class=\"elementor-spacer-inner\"><\/div>\n\t\t<\/div>\n\t\t\t\t\t\t<\/div>\n\t\t\t\t<\/div>\n\t\t\t\t\t<\/div>\n\t\t<\/div>\n\t\t\t\t\t<\/div>\n\t\t<\/section>\n\t\t\t\t<\/div>","protected":false},"excerpt":{"rendered":"<p>Membres\u00edas Gracias por adquirir nuestro recetario \u00abCocinemos Juntos\u00bb. \u00abCocinemos Juntos\u00bb viene con una membres\u00eda gratis donde podr\u00e1s ver los videos de cada receta y ser parte de una comunidad de personas con los mismos deseos que t\u00fa. Esperamos que sea de gran bendici\u00f3n para ti. Membres\u00eda del Recetario Para todos lo que compraron el recetario&hellip; <a class=\"more-link\" href=\"https:\/\/www.fundacionorion.org\/en\/membership-account\/membership-levels\/\">Continue reading <span class=\"screen-reader-text\">Membres\u00edas<\/span><\/a><\/p>","protected":false},"author":1,"featured_media":0,"parent":3109,"menu_order":0,"comment_status":"closed","ping_status":"closed","template":"","meta":{"pmpro_default_level":"","footnotes":""},"categories":[],"tags":[],"class_list":["post-3115","page","type-page","status-publish","hentry","pmpro-has-access","entry"],"_links":{"self":[{"href":"https:\/\/www.fundacionorion.org\/en\/wp-json\/wp\/v2\/pages\/3115","targetHints":{"allow":["GET"]}}],"collection":[{"href":"https:\/\/www.fundacionorion.org\/en\/wp-json\/wp\/v2\/pages"}],"about":[{"href":"https:\/\/www.fundacionorion.org\/en\/wp-json\/wp\/v2\/types\/page"}],"author":[{"embeddable":true,"href":"https:\/\/www.fundacionorion.org\/en\/wp-json\/wp\/v2\/users\/1"}],"replies":[{"embeddable":true,"href":"https:\/\/www.fundacionorion.org\/en\/wp-json\/wp\/v2\/comments?post=3115"}],"version-history":[{"count":33,"href":"https:\/\/www.fundacionorion.org\/en\/wp-json\/wp\/v2\/pages\/3115\/revisions"}],"predecessor-version":[{"id":4315,"href":"https:\/\/www.fundacionorion.org\/en\/wp-json\/wp\/v2\/pages\/3115\/revisions\/4315"}],"up":[{"embeddable":true,"href":"https:\/\/www.fundacionorion.org\/en\/wp-json\/wp\/v2\/pages\/3109"}],"wp:attachment":[{"href":"https:\/\/www.fundacionorion.org\/en\/wp-json\/wp\/v2\/media?parent=3115"}],"wp:term":[{"taxonomy":"category","embeddable":true,"href":"https:\/\/www.fundacionorion.org\/en\/wp-json\/wp\/v2\/categories?post=3115"},{"taxonomy":"post_tag","embeddable":true,"href":"https:\/\/www.fundacionorion.org\/en\/wp-json\/wp\/v2\/tags?post=3115"}],"curies":[{"name":"wp","href":"https:\/\/api.w.org\/{rel}","templated":true}]}}